{"id":1004,"date":"2025-01-07T17:42:28","date_gmt":"2025-01-07T16:42:28","guid":{"rendered":"https:\/\/mosabau.com\/mentions-legales\/"},"modified":"2025-03-16T23:10:09","modified_gmt":"2025-03-16T22:10:09","slug":"mentions-legales","status":"publish","type":"page","link":"https:\/\/mosabau.com\/fr\/mentions-legales\/","title":{"rendered":"Mentions l\u00e9gales"},"content":{"rendered":"<p>[et_pb_section fb_built=\u00a0\u00bb1&Prime; admin_label=\u00a0\u00bbsection\u00a0\u00bb _builder_version=\u00a0\u00bb4.27.4&Prime; background_enable_color=\u00a0\u00bboff\u00a0\u00bb global_colors_info=\u00a0\u00bb{}\u00a0\u00bb][et_pb_row column_structure=\u00a0\u00bb3_5,2_5&Prime; admin_label=\u00a0\u00bbrow\u00a0\u00bb _builder_version=\u00a0\u00bb4.27.4&Prime; background_size=\u00a0\u00bbinitial\u00a0\u00bb background_position=\u00a0\u00bbtop_left\u00a0\u00bb background_repeat=\u00a0\u00bbrepeat\u00a0\u00bb custom_margin=\u00a0\u00bb||0px||false|false\u00a0\u00bb custom_padding=\u00a0\u00bb||0px||false|false\u00a0\u00bb global_colors_info=\u00a0\u00bb{}\u00a0\u00bb][et_pb_column type=\u00a0\u00bb3_5&Prime; _builder_version=\u00a0\u00bb4.16&Prime; custom_padding=\u00a0\u00bb|||\u00a0\u00bb global_colors_info=\u00a0\u00bb{}\u00a0\u00bb custom_padding__hover=\u00a0\u00bb|||\u00a0\u00bb][et_pb_text _builder_version=\u00a0\u00bb4.27.4&Prime; _module_preset=\u00a0\u00bbdefault\u00a0\u00bb text_font=\u00a0\u00bb&#8211;et_global_heading_font|700|||||||\u00a0\u00bb text_text_color=\u00a0\u00bb#294744&Prime; text_font_size=\u00a0\u00bb60px\u00a0\u00bb header_font=\u00a0\u00bb|800|||||||\u00a0\u00bb header_font_size=\u00a0\u00bb60px\u00a0\u00bb global_colors_info=\u00a0\u00bb{}\u00a0\u00bb]<\/p>\n<h1>Mentions l\u00e9gales<\/h1>\n<p>[\/et_pb_text][et_pb_text _builder_version=\u00a0\u00bb4.27.4&Prime; _module_preset=\u00a0\u00bbdefault\u00a0\u00bb hover_enabled=\u00a0\u00bb0&Prime; global_colors_info=\u00a0\u00bb{}\u00a0\u00bb header_2_font_size=\u00a0\u00bb28px\u00a0\u00bb sticky_enabled=\u00a0\u00bb0&Prime;]<\/p>\n<p><strong>MOSA GmbH<\/strong><br \/>Pfarrgasse 39<br \/>2014 Breitenwaida<\/p>\n<p><strong>Repr\u00e9sent\u00e9 par :<\/strong><br \/>Valentin Mesnil<\/p>\n<h2>Contact<\/h2>\n<p>T\u00e9l\u00e9phone : <a href=\"tel:+436607372214\">+43 6607372214<\/a><br \/>E-mail : <a href=\"mailto:office@mosabau.com\">office@mosabau.com<\/a><\/p>\n<h2>Num\u00e9ro d&rsquo;identification de la taxe sur le chiffre d&rsquo;affaires<\/h2>\n<p>Num\u00e9ro d&rsquo;identification TVA conform\u00e9ment au \u00a7 27 a de la loi sur la TVA :<br \/>ATU80552956<\/p>\n<h2>R\u00e8glement des litiges de l&rsquo;UE<\/h2>\n<p>La Commission europ\u00e9enne met \u00e0 disposition une plateforme de r\u00e8glement en ligne des litiges (RLL) <a href=\"https:\/\/ec.europa.eu\/consumers\/odr\/\" target=\"_blank\" rel=\"noopener noreferrer\">: https:\/\/ec.europa.eu\/consumers\/odr\/.<\/a><\/p>\n<h2>R\u00e8glement des litiges de consommation \/ organe universel de conciliation<\/h2>\n<p>Nous ne sommes pas pr\u00eats ou oblig\u00e9s de participer \u00e0 des proc\u00e9dures de r\u00e8glement des litiges devant un organisme de conciliation des consommateurs.<\/p>\n<p><strong>Site cr\u00e9\u00e9 par : <\/strong><a href=\"https:\/\/amber-marketing.at\/\" target=\"_blank\" rel=\"noopener\" title=\"marketing ambre\">amber marketing<\/a><\/p>\n<p>[\/et_pb_text][\/et_pb_column][et_pb_column type=\u00a0\u00bb2_5&Prime; _builder_version=\u00a0\u00bb4.16&Prime; custom_padding=\u00a0\u00bb|||\u00a0\u00bb global_colors_info=\u00a0\u00bb{}\u00a0\u00bb custom_padding__hover=\u00a0\u00bb|||\u00a0\u00bb][\/et_pb_column][\/et_pb_row][\/et_pb_section]<\/p>\n","protected":false},"excerpt":{"rendered":"<p>Mentions l\u00e9galesMOSA GmbHPfarrgasse 392014 Breitenwaida Repr\u00e9sent\u00e9 par :Valentin Mesnil Contact T\u00e9l\u00e9phone : +43 6607372214E-mail : office@mosabau.com Num\u00e9ro d&rsquo;identification de la taxe sur le chiffre d&rsquo;affaires Num\u00e9ro d&rsquo;identification TVA conform\u00e9ment au \u00a7 27 a de la loi sur la TVA :ATU80552956 R\u00e8glement des litiges de l&rsquo;UE La Commission europ\u00e9enne met \u00e0 disposition une plateforme de r\u00e8glement [&hellip;]<\/p>\n","protected":false},"author":3,"featured_media":0,"parent":0,"menu_order":0,"comment_status":"closed","ping_status":"closed","template":"","meta":{"_et_pb_use_builder":"on","_et_pb_old_content":"","_et_gb_content_width":"","footnotes":""},"dipi_cpt_category":[],"class_list":["post-1004","page","type-page","status-publish","hentry"],"yoast_head":"<!-- This site is optimized with the Yoast SEO plugin v27.4 - https:\/\/yoast.com\/product\/yoast-seo-wordpress\/ -->\n<title>Mentions l\u00e9gales - MOSA<\/title>\n<meta name=\"robots\" content=\"index, follow, max-snippet:-1, max-image-preview:large, max-video-preview:-1\" \/>\n<link rel=\"canonical\" href=\"https:\/\/mosabau.com\/fr\/mentions-legales\/\" \/>\n<meta property=\"og:locale\" content=\"fr_FR\" \/>\n<meta property=\"og:type\" content=\"article\" \/>\n<meta property=\"og:title\" content=\"Mentions l\u00e9gales - MOSA\" \/>\n<meta property=\"og:description\" content=\"Mentions l\u00e9galesMOSA GmbHPfarrgasse 392014 Breitenwaida Repr\u00e9sent\u00e9 par :Valentin Mesnil Contact T\u00e9l\u00e9phone : +43 6607372214E-mail : office@mosabau.com Num\u00e9ro d&#039;identification de la taxe sur le chiffre d&#039;affaires Num\u00e9ro d&#039;identification TVA conform\u00e9ment au \u00a7 27 a de la loi sur la TVA :ATU80552956 R\u00e8glement des litiges de l&#039;UE La Commission europ\u00e9enne met \u00e0 disposition une plateforme de r\u00e8glement [&hellip;]\" \/>\n<meta property=\"og:url\" content=\"https:\/\/mosabau.com\/fr\/mentions-legales\/\" \/>\n<meta property=\"og:site_name\" content=\"MOSA\" \/>\n<meta property=\"article:publisher\" content=\"https:\/\/www.facebook.com\/people\/Mosa-Bau\/61564303230381\/\" \/>\n<meta property=\"article:modified_time\" content=\"2025-03-16T22:10:09+00:00\" \/>\n<meta name=\"twitter:card\" content=\"summary_large_image\" \/>\n<meta name=\"twitter:label1\" content=\"Dur\u00e9e de lecture estim\u00e9e\" \/>\n\t<meta name=\"twitter:data1\" content=\"1 minute\" \/>\n<script type=\"application\/ld+json\" class=\"yoast-schema-graph\">{\"@context\":\"https:\\\/\\\/schema.org\",\"@graph\":[{\"@type\":\"WebPage\",\"@id\":\"https:\\\/\\\/mosabau.com\\\/fr\\\/mentions-legales\\\/\",\"url\":\"https:\\\/\\\/mosabau.com\\\/fr\\\/mentions-legales\\\/\",\"name\":\"Mentions l\u00e9gales - MOSA\",\"isPartOf\":{\"@id\":\"https:\\\/\\\/mosabau.com\\\/fr\\\/#website\"},\"datePublished\":\"2025-01-07T16:42:28+00:00\",\"dateModified\":\"2025-03-16T22:10:09+00:00\",\"breadcrumb\":{\"@id\":\"https:\\\/\\\/mosabau.com\\\/fr\\\/mentions-legales\\\/#breadcrumb\"},\"inLanguage\":\"fr-FR\",\"potentialAction\":[{\"@type\":\"ReadAction\",\"target\":[\"https:\\\/\\\/mosabau.com\\\/fr\\\/mentions-legales\\\/\"]}]},{\"@type\":\"BreadcrumbList\",\"@id\":\"https:\\\/\\\/mosabau.com\\\/fr\\\/mentions-legales\\\/#breadcrumb\",\"itemListElement\":[{\"@type\":\"ListItem\",\"position\":1,\"name\":\"Accueil\",\"item\":\"https:\\\/\\\/mosabau.com\\\/fr\\\/\"},{\"@type\":\"ListItem\",\"position\":2,\"name\":\"Mentions l\u00e9gales\"}]},{\"@type\":\"WebSite\",\"@id\":\"https:\\\/\\\/mosabau.com\\\/fr\\\/#website\",\"url\":\"https:\\\/\\\/mosabau.com\\\/fr\\\/\",\"name\":\"MOSA\",\"description\":\"R\u00e9novations de v\u00e9randas\",\"publisher\":{\"@id\":\"https:\\\/\\\/mosabau.com\\\/fr\\\/#organization\"},\"potentialAction\":[{\"@type\":\"SearchAction\",\"target\":{\"@type\":\"EntryPoint\",\"urlTemplate\":\"https:\\\/\\\/mosabau.com\\\/fr\\\/?s={search_term_string}\"},\"query-input\":{\"@type\":\"PropertyValueSpecification\",\"valueRequired\":true,\"valueName\":\"search_term_string\"}}],\"inLanguage\":\"fr-FR\"},{\"@type\":\"Organization\",\"@id\":\"https:\\\/\\\/mosabau.com\\\/fr\\\/#organization\",\"name\":\"MOSA\",\"url\":\"https:\\\/\\\/mosabau.com\\\/fr\\\/\",\"logo\":{\"@type\":\"ImageObject\",\"inLanguage\":\"fr-FR\",\"@id\":\"https:\\\/\\\/mosabau.com\\\/fr\\\/#\\\/schema\\\/logo\\\/image\\\/\",\"url\":\"https:\\\/\\\/mosabau.com\\\/wp-content\\\/uploads\\\/2025\\\/01\\\/Bildschirmfoto-2024-07-31-um-12.00.36.png\",\"contentUrl\":\"https:\\\/\\\/mosabau.com\\\/wp-content\\\/uploads\\\/2025\\\/01\\\/Bildschirmfoto-2024-07-31-um-12.00.36.png\",\"width\":464,\"height\":368,\"caption\":\"MOSA\"},\"image\":{\"@id\":\"https:\\\/\\\/mosabau.com\\\/fr\\\/#\\\/schema\\\/logo\\\/image\\\/\"},\"sameAs\":[\"https:\\\/\\\/www.facebook.com\\\/people\\\/Mosa-Bau\\\/61564303230381\\\/\",\"https:\\\/\\\/www.instagram.com\\\/mosa.bau\\\/\",\"https:\\\/\\\/www.linkedin.com\\\/company\\\/mosa-bau\\\/?viewAsMember=true\"]}]}<\/script>\n<!-- \/ Yoast SEO plugin. -->","yoast_head_json":{"title":"Mentions l\u00e9gales - MOSA","robots":{"index":"index","follow":"follow","max-snippet":"max-snippet:-1","max-image-preview":"max-image-preview:large","max-video-preview":"max-video-preview:-1"},"canonical":"https:\/\/mosabau.com\/fr\/mentions-legales\/","og_locale":"fr_FR","og_type":"article","og_title":"Mentions l\u00e9gales - MOSA","og_description":"Mentions l\u00e9galesMOSA GmbHPfarrgasse 392014 Breitenwaida Repr\u00e9sent\u00e9 par :Valentin Mesnil Contact T\u00e9l\u00e9phone : +43 6607372214E-mail : office@mosabau.com Num\u00e9ro d'identification de la taxe sur le chiffre d'affaires Num\u00e9ro d'identification TVA conform\u00e9ment au \u00a7 27 a de la loi sur la TVA :ATU80552956 R\u00e8glement des litiges de l'UE La Commission europ\u00e9enne met \u00e0 disposition une plateforme de r\u00e8glement [&hellip;]","og_url":"https:\/\/mosabau.com\/fr\/mentions-legales\/","og_site_name":"MOSA","article_publisher":"https:\/\/www.facebook.com\/people\/Mosa-Bau\/61564303230381\/","article_modified_time":"2025-03-16T22:10:09+00:00","twitter_card":"summary_large_image","twitter_misc":{"Dur\u00e9e de lecture estim\u00e9e":"1 minute"},"schema":{"@context":"https:\/\/schema.org","@graph":[{"@type":"WebPage","@id":"https:\/\/mosabau.com\/fr\/mentions-legales\/","url":"https:\/\/mosabau.com\/fr\/mentions-legales\/","name":"Mentions l\u00e9gales - MOSA","isPartOf":{"@id":"https:\/\/mosabau.com\/fr\/#website"},"datePublished":"2025-01-07T16:42:28+00:00","dateModified":"2025-03-16T22:10:09+00:00","breadcrumb":{"@id":"https:\/\/mosabau.com\/fr\/mentions-legales\/#breadcrumb"},"inLanguage":"fr-FR","potentialAction":[{"@type":"ReadAction","target":["https:\/\/mosabau.com\/fr\/mentions-legales\/"]}]},{"@type":"BreadcrumbList","@id":"https:\/\/mosabau.com\/fr\/mentions-legales\/#breadcrumb","itemListElement":[{"@type":"ListItem","position":1,"name":"Accueil","item":"https:\/\/mosabau.com\/fr\/"},{"@type":"ListItem","position":2,"name":"Mentions l\u00e9gales"}]},{"@type":"WebSite","@id":"https:\/\/mosabau.com\/fr\/#website","url":"https:\/\/mosabau.com\/fr\/","name":"MOSA","description":"R\u00e9novations de v\u00e9randas","publisher":{"@id":"https:\/\/mosabau.com\/fr\/#organization"},"potentialAction":[{"@type":"SearchAction","target":{"@type":"EntryPoint","urlTemplate":"https:\/\/mosabau.com\/fr\/?s={search_term_string}"},"query-input":{"@type":"PropertyValueSpecification","valueRequired":true,"valueName":"search_term_string"}}],"inLanguage":"fr-FR"},{"@type":"Organization","@id":"https:\/\/mosabau.com\/fr\/#organization","name":"MOSA","url":"https:\/\/mosabau.com\/fr\/","logo":{"@type":"ImageObject","inLanguage":"fr-FR","@id":"https:\/\/mosabau.com\/fr\/#\/schema\/logo\/image\/","url":"https:\/\/mosabau.com\/wp-content\/uploads\/2025\/01\/Bildschirmfoto-2024-07-31-um-12.00.36.png","contentUrl":"https:\/\/mosabau.com\/wp-content\/uploads\/2025\/01\/Bildschirmfoto-2024-07-31-um-12.00.36.png","width":464,"height":368,"caption":"MOSA"},"image":{"@id":"https:\/\/mosabau.com\/fr\/#\/schema\/logo\/image\/"},"sameAs":["https:\/\/www.facebook.com\/people\/Mosa-Bau\/61564303230381\/","https:\/\/www.instagram.com\/mosa.bau\/","https:\/\/www.linkedin.com\/company\/mosa-bau\/?viewAsMember=true"]}]}},"_links":{"self":[{"href":"https:\/\/mosabau.com\/fr\/wp-json\/wp\/v2\/pages\/1004","targetHints":{"allow":["GET"]}}],"collection":[{"href":"https:\/\/mosabau.com\/fr\/wp-json\/wp\/v2\/pages"}],"about":[{"href":"https:\/\/mosabau.com\/fr\/wp-json\/wp\/v2\/types\/page"}],"author":[{"embeddable":true,"href":"https:\/\/mosabau.com\/fr\/wp-json\/wp\/v2\/users\/3"}],"replies":[{"embeddable":true,"href":"https:\/\/mosabau.com\/fr\/wp-json\/wp\/v2\/comments?post=1004"}],"version-history":[{"count":4,"href":"https:\/\/mosabau.com\/fr\/wp-json\/wp\/v2\/pages\/1004\/revisions"}],"predecessor-version":[{"id":1463,"href":"https:\/\/mosabau.com\/fr\/wp-json\/wp\/v2\/pages\/1004\/revisions\/1463"}],"wp:attachment":[{"href":"https:\/\/mosabau.com\/fr\/wp-json\/wp\/v2\/media?parent=1004"}],"wp:term":[{"taxonomy":"dipi_cpt_category","embeddable":true,"href":"https:\/\/mosabau.com\/fr\/wp-json\/wp\/v2\/dipi_cpt_category?post=1004"}],"curies":[{"name":"wp","href":"https:\/\/api.w.org\/{rel}","templated":true}]}}